{"id":3,"date":"2022-07-22T11:29:41","date_gmt":"2022-07-22T09:29:41","guid":{"rendered":"http:\/\/khepri-energies.com\/?page_id=3"},"modified":"2023-08-23T20:36:45","modified_gmt":"2023-08-23T18:36:45","slug":"privacy-policy","status":"publish","type":"page","link":"https:\/\/khepri-energies.com\/index.php\/privacy-policy\/","title":{"rendered":"Privacy policy"},"content":{"rendered":"\t\t<div data-elementor-type=\"wp-page\" data-elementor-id=\"3\" class=\"elementor elementor-3\">\n\t\t\t\t\t\t\t\t\t<section class=\"elementor-section elementor-top-section elementor-element elementor-element-4f06b11 elementor-section-boxed elementor-section-height-default elementor-section-height-default\" data-id=\"4f06b11\" data-element_type=\"section\">\n\t\t\t\t\t\t<div class=\"elementor-container elementor-column-gap-default\">\n\t\t\t\t\t<div class=\"elementor-column elementor-col-100 elementor-top-column elementor-element elementor-element-fb50fe9\" data-id=\"fb50fe9\" data-element_type=\"column\">\n\t\t\t<div class=\"elementor-widget-wrap elementor-element-populated\">\n\t\t\t\t\t\t\t\t<div class=\"elementor-element elementor-element-f0f902a elementor-widget-divider--view-line_text elementor-widget-divider--element-align-center elementor-widget elementor-widget-divider\" data-id=\"f0f902a\" data-element_type=\"widget\" data-widget_type=\"divider.default\">\n\t\t\t\t<div class=\"elementor-widget-container\">\n\t\t\t<style>\/*! elementor - v3.7.4 - 31-08-2022 *\/\n.elementor-widget-divider{--divider-border-style:none;--divider-border-width:1px;--divider-color:#2c2c2c;--divider-icon-size:20px;--divider-element-spacing:10px;--divider-pattern-height:24px;--divider-pattern-size:20px;--divider-pattern-url:none;--divider-pattern-repeat:repeat-x}.elementor-widget-divider .elementor-divider{display:-webkit-box;display:-ms-flexbox;display:flex}.elementor-widget-divider .elementor-divider__text{font-size:15px;line-height:1;max-width:95%}.elementor-widget-divider .elementor-divider__element{margin:0 var(--divider-element-spacing);-ms-flex-negative:0;flex-shrink:0}.elementor-widget-divider .elementor-icon{font-size:var(--divider-icon-size)}.elementor-widget-divider .elementor-divider-separator{display:-webkit-box;display:-ms-flexbox;display:flex;margin:0;direction:ltr}.elementor-widget-divider--view-line_icon .elementor-divider-separator,.elementor-widget-divider--view-line_text .elementor-divider-separator{-webkit-box-align:center;-ms-flex-align:center;align-items:center}.elementor-widget-divider--view-line_icon .elementor-divider-separator:after,.elementor-widget-divider--view-line_icon .elementor-divider-separator:before,.elementor-widget-divider--view-line_text .elementor-divider-separator:after,.elementor-widget-divider--view-line_text .elementor-divider-separator:before{display:block;content:\"\";border-bottom:0;-webkit-box-flex:1;-ms-flex-positive:1;flex-grow:1;border-top:var(--divider-border-width) var(--divider-border-style) var(--divider-color)}.elementor-widget-divider--element-align-left .elementor-divider .elementor-divider-separator>.elementor-divider__svg:first-of-type{-webkit-box-flex:0;-ms-flex-positive:0;flex-grow:0;-ms-flex-negative:100;flex-shrink:100}.elementor-widget-divider--element-align-left .elementor-divider-separator:before{content:none}.elementor-widget-divider--element-align-left .elementor-divider__element{margin-left:0}.elementor-widget-divider--element-align-right .elementor-divider .elementor-divider-separator>.elementor-divider__svg:last-of-type{-webkit-box-flex:0;-ms-flex-positive:0;flex-grow:0;-ms-flex-negative:100;flex-shrink:100}.elementor-widget-divider--element-align-right .elementor-divider-separator:after{content:none}.elementor-widget-divider--element-align-right .elementor-divider__element{margin-right:0}.elementor-widget-divider:not(.elementor-widget-divider--view-line_text):not(.elementor-widget-divider--view-line_icon) .elementor-divider-separator{border-top:var(--divider-border-width) var(--divider-border-style) var(--divider-color)}.elementor-widget-divider--separator-type-pattern{--divider-border-style:none}.elementor-widget-divider--separator-type-pattern.elementor-widget-divider--view-line .elementor-divider-separator,.elementor-widget-divider--separator-type-pattern:not(.elementor-widget-divider--view-line) .elementor-divider-separator:after,.elementor-widget-divider--separator-type-pattern:not(.elementor-widget-divider--view-line) .elementor-divider-separator:before,.elementor-widget-divider--separator-type-pattern:not([class*=elementor-widget-divider--view]) .elementor-divider-separator{width:100%;min-height:var(--divider-pattern-height);-webkit-mask-size:var(--divider-pattern-size) 100%;mask-size:var(--divider-pattern-size) 100%;-webkit-mask-repeat:var(--divider-pattern-repeat);mask-repeat:var(--divider-pattern-repeat);background-color:var(--divider-color);-webkit-mask-image:var(--divider-pattern-url);mask-image:var(--divider-pattern-url)}.elementor-widget-divider--no-spacing{--divider-pattern-size:auto}.elementor-widget-divider--bg-round{--divider-pattern-repeat:round}.rtl .elementor-widget-divider .elementor-divider__text{direction:rtl}.e-container>.elementor-widget-divider{width:var(--container-widget-width,100%);--flex-grow:var(--container-widget-flex-grow,0)}<\/style>\t\t<div class=\"elementor-divider\">\n\t\t\t<span class=\"elementor-divider-separator\">\n\t\t\t\t\t\t\t<span class=\"elementor-divider__text elementor-divider__element\">\n\t\t\t\tPRIVACY POLICY\t\t\t\t<\/span>\n\t\t\t\t\t\t<\/span>\n\t\t<\/div>\n\t\t\t\t<\/div>\n\t\t\t\t<\/div>\n\t\t\t\t<div class=\"elementor-element elementor-element-cc36124 elementor-widget elementor-widget-text-editor\" data-id=\"cc36124\" data-element_type=\"widget\" data-widget_type=\"text-editor.default\">\n\t\t\t\t<div class=\"elementor-widget-container\">\n\t\t\t<style>\/*! elementor - v3.7.4 - 31-08-2022 *\/\n.elementor-widget-text-editor.elementor-drop-cap-view-stacked .elementor-drop-cap{background-color:#818a91;color:#fff}.elementor-widget-text-editor.elementor-drop-cap-view-framed .elementor-drop-cap{color:#818a91;border:3px solid;background-color:transparent}.elementor-widget-text-editor:not(.elementor-drop-cap-view-default) .elementor-drop-cap{margin-top:8px}.elementor-widget-text-editor:not(.elementor-drop-cap-view-default) .elementor-drop-cap-letter{width:1em;height:1em}.elementor-widget-text-editor .elementor-drop-cap{float:left;text-align:center;line-height:1;font-size:50px}.elementor-widget-text-editor .elementor-drop-cap-letter{display:inline-block}<\/style>\t\t\t\t<h1><strong>Who are we?<\/strong><\/h1>\n<p><em><strong>Suggested text:<\/strong><\/em> Our website address is: http:\/\/khepri-energies.com.<\/p>\n<h1><strong>Feedback<\/strong><\/h1>\n<p><em><strong>Suggested text:<\/strong><\/em> When you leave a comment on our site, the data entered in the comment form, but also your IP address and the user agent of your browser are collected to help us detect unwanted comments.<\/p>\n<p>An anonymized string created from your email address (also called a hash) can be sent to the Gravatar service to verify your use of the service. The privacy policy of the Gravatar service is available here: https:\/\/automattic.com\/privacy\/. After your comment is validated, your profile picture will be publicly visible next to your comment.<\/p>\n<h1><strong>Media<\/strong><\/h1>\n<p><em><strong>Suggested text:<\/strong> <\/em>If you upload images to the site, we suggest that you avoid uploading images that contain EXIF data of GPS coordinates. People visiting your site can download and extract location data from these images.<br \/>Cookies<\/p>\n<p><em><strong>Suggested text:<\/strong> <\/em>If you leave a comment on our site, you will be offered the option of saving your name, email address, and site in cookies. This is only for your convenience so that you do not have to enter this information if you leave another comment later. These cookies expire after one year.<\/p>\n<p>If you go to the login page, a temporary cookie will be created to determine if your browser accepts cookies. It does not contain any personal information and will be deleted automatically when you close your browser.<\/p>\n<p>When you log in, we will set a number of cookies to store your login information and screen preferences. A login cookie lasts for two days and a screen preference cookie lasts for one year. If you check &#8220;Remember me&#8221;, your login cookie will be retained for two weeks. If you log out of your account, the login cookie will be deleted.<\/p>\n<p>By editing or publishing a post, an additional cookie will be stored in your browser. This cookie does not include any personal data. It simply indicates the ID of the publication you just edited. It expires after one day.<\/p>\n<h1><strong>Embedded content from other sites<\/strong><\/h1>\n<p><em><strong>Suggested text:<\/strong><\/em> Articles on this site may include embedded content (e.g. videos, images, articles&#8230;). Embedded content from other sites behaves in the same way as if the visitor were on that other site.<\/p>\n<p>These websites may collect data about you, use cookies, embed third-party tracking tools, and track your interactions with such embedded content if you have an account with their website.<br \/>Use and Disclosure of Your Personal Information<\/p>\n<p><em><strong>Suggested text:<\/strong><\/em> If you request a password reset, your IP address will be included in the reset email.<\/p>\n<h1><strong>How long your data is stored<\/strong><\/h1>\n<p><em><strong>Suggested text:<\/strong> <\/em>If you leave a comment, the comment and its metadata are stored indefinitely. This allows us to automatically recognize and approve subsequent comments instead of leaving them in the moderation queue.<\/p>\n<p>For accounts that register with our site (if any), we also store the personal data listed in their profile. All accounts can view, edit, or delete their personal information at any time (with the exception of their user ID). Site managers can also view and edit this information.<\/p>\n<h1><strong>The rights you have over your data<\/strong><\/h1>\n<p>Suggested text: If you have an account or have left comments on the site, you can request to receive a file containing all the personal data we have about you, including the data you have provided to us. You may also request the deletion of your personal data. This does not include data stored for administrative, legal or security purposes.<\/p>\n<h1><strong>Transferring Your Personal Data<\/strong><\/h1>\n<p><em><strong>Suggested text:<\/strong><\/em> Visitor comments may be checked using an automated spam detection service.<\/p>\t\t\t\t\t\t<\/div>\n\t\t\t\t<\/div>\n\t\t\t\t\t<\/div>\n\t\t<\/div>\n\t\t\t\t\t\t\t<\/div>\n\t\t<\/section>\n\t\t\t\t<section class=\"elementor-section elementor-top-section elementor-element elementor-element-73834ce7 elementor-section-boxed elementor-section-height-default elementor-section-height-default\" data-id=\"73834ce7\" data-element_type=\"section\">\n\t\t\t\t\t\t<div class=\"elementor-container elementor-column-gap-default\">\n\t\t\t\t\t<div class=\"elementor-column elementor-col-100 elementor-top-column elementor-element elementor-element-44bf651c\" data-id=\"44bf651c\" data-element_type=\"column\">\n\t\t\t<div class=\"elementor-widget-wrap elementor-element-populated\">\n\t\t\t\t\t\t\t\t<div class=\"elementor-element elementor-element-d3b5c10 elementor-widget elementor-widget-text-editor\" data-id=\"d3b5c10\" data-element_type=\"widget\" data-widget_type=\"text-editor.default\">\n\t\t\t\t<div class=\"elementor-widget-container\">\n\t\t\t\t\t\t\t<!-- wp:heading -->\n<h2>Qui sommes-nous ?<\/h2>\n<!-- \/wp:heading --><!-- wp:paragraph -->\n<p><strong class=\"privacy-policy-tutorial\">Texte sugg\u00e9r\u00e9\u00a0: <\/strong>L\u2019adresse de notre site est\u00a0: http:\/\/khepri-energies.com.<\/p>\n<!-- \/wp:paragraph --><!-- wp:heading -->\n<h2>Commentaires<\/h2>\n<!-- \/wp:heading --><!-- wp:paragraph -->\n<p><strong class=\"privacy-policy-tutorial\">Texte sugg\u00e9r\u00e9\u00a0: <\/strong>Quand vous laissez un commentaire sur notre site, les donn\u00e9es inscrites dans le formulaire de commentaire, mais aussi votre adresse IP et l\u2019agent utilisateur de votre navigateur sont collect\u00e9s pour nous aider \u00e0 la d\u00e9tection des commentaires ind\u00e9sirables.<\/p>\n<!-- \/wp:paragraph --><!-- wp:paragraph -->\n<p>Une cha\u00eene anonymis\u00e9e cr\u00e9\u00e9e \u00e0 partir de votre adresse e-mail (\u00e9galement appel\u00e9e hash) peut \u00eatre envoy\u00e9e au service Gravatar pour v\u00e9rifier si vous utilisez ce dernier. Les clauses de confidentialit\u00e9 du service Gravatar sont disponibles ici\u00a0: https:\/\/automattic.com\/privacy\/. Apr\u00e8s validation de votre commentaire, votre photo de profil sera visible publiquement \u00e0 cot\u00e9 de votre commentaire.<\/p>\n<!-- \/wp:paragraph --><!-- wp:heading -->\n<h2>M\u00e9dias<\/h2>\n<!-- \/wp:heading --><!-- wp:paragraph -->\n<p><strong class=\"privacy-policy-tutorial\">Texte sugg\u00e9r\u00e9\u00a0: <\/strong>Si vous t\u00e9l\u00e9versez des images sur le site, nous vous conseillons d\u2019\u00e9viter de t\u00e9l\u00e9verser des images contenant des donn\u00e9es EXIF de coordonn\u00e9es GPS. Les personnes visitant votre site peuvent t\u00e9l\u00e9charger et extraire des donn\u00e9es de localisation depuis ces images.<\/p>\n<!-- \/wp:paragraph --><!-- wp:heading -->\n<h2>Cookies<\/h2>\n<!-- \/wp:heading --><!-- wp:paragraph -->\n<p><strong class=\"privacy-policy-tutorial\">Texte sugg\u00e9r\u00e9\u00a0: <\/strong>Si vous d\u00e9posez un commentaire sur notre site, il vous sera propos\u00e9 d\u2019enregistrer votre nom, adresse e-mail et site dans des cookies. C\u2019est uniquement pour votre confort afin de ne pas avoir \u00e0 saisir ces informations si vous d\u00e9posez un autre commentaire plus tard. Ces cookies expirent au bout d\u2019un an.<\/p>\n<!-- \/wp:paragraph --><!-- wp:paragraph -->\n<p>Si vous vous rendez sur la page de connexion, un cookie temporaire sera cr\u00e9\u00e9 afin de d\u00e9terminer si votre navigateur accepte les cookies. Il ne contient pas de donn\u00e9es personnelles et sera supprim\u00e9 automatiquement \u00e0 la fermeture de votre navigateur.<\/p>\n<!-- \/wp:paragraph --><!-- wp:paragraph -->\n<p>Lorsque vous vous connecterez, nous mettrons en place un certain nombre de cookies pour enregistrer vos informations de connexion et vos pr\u00e9f\u00e9rences d\u2019\u00e9cran. La dur\u00e9e de vie d\u2019un cookie de connexion est de deux jours, celle d\u2019un cookie d\u2019option d\u2019\u00e9cran est d\u2019un an. Si vous cochez \u00ab\u00a0Se souvenir de moi\u00a0\u00bb, votre cookie de connexion sera conserv\u00e9 pendant deux semaines. Si vous vous d\u00e9connectez de votre compte, le cookie de connexion sera effac\u00e9.<\/p>\n<!-- \/wp:paragraph --><!-- wp:paragraph -->\n<p>En modifiant ou en publiant une publication, un cookie suppl\u00e9mentaire sera enregistr\u00e9 dans votre navigateur. Ce cookie ne comprend aucune donn\u00e9e personnelle. Il indique simplement l\u2019ID de la publication que vous venez de modifier. Il expire au bout d\u2019un jour.<\/p>\n<!-- \/wp:paragraph --><!-- wp:heading -->\n<h2>Contenu embarqu\u00e9 depuis d\u2019autres sites<\/h2>\n<!-- \/wp:heading --><!-- wp:paragraph -->\n<p><strong class=\"privacy-policy-tutorial\">Texte sugg\u00e9r\u00e9\u00a0: <\/strong>Les articles de ce site peuvent inclure des contenus int\u00e9gr\u00e9s (par exemple des vid\u00e9os, images, articles\u2026). Le contenu int\u00e9gr\u00e9 depuis d\u2019autres sites se comporte de la m\u00eame mani\u00e8re que si le visiteur se rendait sur cet autre site.<\/p>\n<!-- \/wp:paragraph --><!-- wp:paragraph -->\n<p>Ces sites web pourraient collecter des donn\u00e9es sur vous, utiliser des cookies, embarquer des outils de suivis tiers, suivre vos interactions avec ces contenus embarqu\u00e9s si vous disposez d\u2019un compte connect\u00e9 sur leur site web.<\/p>\n<!-- \/wp:paragraph --><!-- wp:heading -->\n<h2>Utilisation et transmission de vos donn\u00e9es personnelles<\/h2>\n<!-- \/wp:heading --><!-- wp:paragraph -->\n<p><strong class=\"privacy-policy-tutorial\">Texte sugg\u00e9r\u00e9\u00a0: <\/strong>Si vous demandez une r\u00e9initialisation de votre mot de passe, votre adresse IP sera incluse dans l\u2019e-mail de r\u00e9initialisation.<\/p>\n<!-- \/wp:paragraph --><!-- wp:heading -->\n<h2>Dur\u00e9es de stockage de vos donn\u00e9es<\/h2>\n<!-- \/wp:heading --><!-- wp:paragraph -->\n<p><strong class=\"privacy-policy-tutorial\">Texte sugg\u00e9r\u00e9\u00a0: <\/strong>Si vous laissez un commentaire, le commentaire et ses m\u00e9tadonn\u00e9es sont conserv\u00e9s ind\u00e9finiment. Cela permet de reconna\u00eetre et approuver automatiquement les commentaires suivants au lieu de les laisser dans la file de mod\u00e9ration.<\/p>\n<!-- \/wp:paragraph --><!-- wp:paragraph -->\n<p>Pour les comptes qui s\u2019inscrivent sur notre site (le cas \u00e9ch\u00e9ant), nous stockons \u00e9galement les donn\u00e9es personnelles indiqu\u00e9es dans leur profil. Tous les comptes peuvent voir, modifier ou supprimer leurs informations personnelles \u00e0 tout moment (\u00e0 l\u2019exception de leur identifiant). Les gestionnaires du site peuvent aussi voir et modifier ces informations.<\/p>\n<!-- \/wp:paragraph --><!-- wp:heading -->\n<h2>Les droits que vous avez sur vos donn\u00e9es<\/h2>\n<!-- \/wp:heading --><!-- wp:paragraph -->\n<p><strong class=\"privacy-policy-tutorial\">Texte sugg\u00e9r\u00e9\u00a0: <\/strong>Si vous avez un compte ou si vous avez laiss\u00e9 des commentaires sur le site, vous pouvez demander \u00e0 recevoir un fichier contenant toutes les donn\u00e9es personnelles que nous poss\u00e9dons \u00e0 votre sujet, incluant celles que vous nous avez fournies. Vous pouvez \u00e9galement demander la suppression des donn\u00e9es personnelles vous concernant. Cela ne prend pas en compte les donn\u00e9es stock\u00e9es \u00e0 des fins administratives, l\u00e9gales ou pour des raisons de s\u00e9curit\u00e9.<\/p>\n<!-- \/wp:paragraph --><!-- wp:heading -->\n<h2>Transmission de vos donn\u00e9es personnelles<\/h2>\n<!-- \/wp:heading --><!-- wp:paragraph -->\n<p><strong class=\"privacy-policy-tutorial\">Texte sugg\u00e9r\u00e9\u00a0: <\/strong>Les commentaires des visiteurs peuvent \u00eatre v\u00e9rifi\u00e9s \u00e0 l\u2019aide d\u2019un service automatis\u00e9 de d\u00e9tection des commentaires ind\u00e9sirables.<\/p>\n<!-- \/wp:paragraph -->\t\t\t\t\t\t<\/div>\n\t\t\t\t<\/div>\n\t\t\t\t\t<\/div>\n\t\t<\/div>\n\t\t\t\t\t\t\t<\/div>\n\t\t<\/section>\n\t\t\t\t\t\t\t<\/div>\n\t\t","protected":false},"excerpt":{"rendered":"<p>PRIVACY POLICY Who are we? Suggested text: Our website address is: http:\/\/khepri-energies.com. Feedback Suggested text: When you leave a comment on our site, the data entered in the comment form, but also your IP address and the user agent of your browser are collected to help us detect unwanted comments. An anonymized string created from [&hellip;]<\/p>\n","protected":false},"author":5,"featured_media":0,"parent":0,"menu_order":0,"comment_status":"closed","ping_status":"open","template":"elementor_header_footer","meta":{"footnotes":""},"class_list":["post-3","page","type-page","status-publish","hentry","wpbf-post"],"yoast_head":"<!-- This site is optimized with the Yoast SEO plugin v20.0 - https:\/\/yoast.com\/wordpress\/plugins\/seo\/ -->\n<title>Privacy policy - Khepri Energies<\/title>\n<meta name=\"description\" content=\"Find here our privacy policy and all security measures!\" \/>\n<meta name=\"robots\" content=\"index, follow, max-snippet:-1, max-image-preview:large, max-video-preview:-1\" \/>\n<link rel=\"canonical\" href=\"https:\/\/khepri-energies.com\/index.php\/privacy-policy\/\" \/>\n<meta property=\"og:locale\" content=\"en_US\" \/>\n<meta property=\"og:type\" content=\"article\" \/>\n<meta property=\"og:title\" content=\"Privacy policy - Khepri Energies\" \/>\n<meta property=\"og:description\" content=\"Find here our privacy policy and all security measures!\" \/>\n<meta property=\"og:url\" content=\"https:\/\/khepri-energies.com\/index.php\/privacy-policy\/\" \/>\n<meta property=\"og:site_name\" content=\"Khepri Energies\" \/>\n<meta property=\"article:modified_time\" content=\"2023-08-23T18:36:45+00:00\" \/>\n<meta name=\"twitter:card\" content=\"summary_large_image\" \/>\n<meta name=\"twitter:label1\" content=\"Est. reading time\" \/>\n\t<meta name=\"twitter:data1\" content=\"6 minutes\" \/>\n<script type=\"application\/ld+json\" class=\"yoast-schema-graph\">{\"@context\":\"https:\/\/schema.org\",\"@graph\":[{\"@type\":\"WebPage\",\"@id\":\"https:\/\/khepri-energies.com\/index.php\/privacy-policy\/\",\"url\":\"https:\/\/khepri-energies.com\/index.php\/privacy-policy\/\",\"name\":\"Privacy policy - Khepri Energies\",\"isPartOf\":{\"@id\":\"https:\/\/khepri-energies.com\/#website\"},\"datePublished\":\"2022-07-22T09:29:41+00:00\",\"dateModified\":\"2023-08-23T18:36:45+00:00\",\"description\":\"Find here our privacy policy and all security measures!\",\"breadcrumb\":{\"@id\":\"https:\/\/khepri-energies.com\/index.php\/privacy-policy\/#breadcrumb\"},\"inLanguage\":\"en-US\",\"potentialAction\":[{\"@type\":\"ReadAction\",\"target\":[\"https:\/\/khepri-energies.com\/index.php\/privacy-policy\/\"]}]},{\"@type\":\"BreadcrumbList\",\"@id\":\"https:\/\/khepri-energies.com\/index.php\/privacy-policy\/#breadcrumb\",\"itemListElement\":[{\"@type\":\"ListItem\",\"position\":1,\"name\":\"Accueil\",\"item\":\"https:\/\/khepri-energies.com\/\"},{\"@type\":\"ListItem\",\"position\":2,\"name\":\"Privacy policy\"}]},{\"@type\":\"WebSite\",\"@id\":\"https:\/\/khepri-energies.com\/#website\",\"url\":\"https:\/\/khepri-energies.com\/\",\"name\":\"Khepri Energies\",\"description\":\"\",\"publisher\":{\"@id\":\"https:\/\/khepri-energies.com\/#organization\"},\"potentialAction\":[{\"@type\":\"SearchAction\",\"target\":{\"@type\":\"EntryPoint\",\"urlTemplate\":\"https:\/\/khepri-energies.com\/?s={search_term_string}\"},\"query-input\":\"required name=search_term_string\"}],\"inLanguage\":\"en-US\"},{\"@type\":\"Organization\",\"@id\":\"https:\/\/khepri-energies.com\/#organization\",\"name\":\"Khepri Energies\",\"url\":\"https:\/\/khepri-energies.com\/\",\"logo\":{\"@type\":\"ImageObject\",\"inLanguage\":\"en-US\",\"@id\":\"https:\/\/khepri-energies.com\/#\/schema\/logo\/image\/\",\"url\":\"https:\/\/khepri-energies.com\/wp-content\/uploads\/2022\/09\/cropped-Khepri-energies-logo-1.png\",\"contentUrl\":\"https:\/\/khepri-energies.com\/wp-content\/uploads\/2022\/09\/cropped-Khepri-energies-logo-1.png\",\"width\":345,\"height\":327,\"caption\":\"Khepri Energies\"},\"image\":{\"@id\":\"https:\/\/khepri-energies.com\/#\/schema\/logo\/image\/\"}}]}<\/script>\n<!-- \/ Yoast SEO plugin. -->","yoast_head_json":{"title":"Privacy policy - Khepri Energies","description":"Find here our privacy policy and all security measures!","robots":{"index":"index","follow":"follow","max-snippet":"max-snippet:-1","max-image-preview":"max-image-preview:large","max-video-preview":"max-video-preview:-1"},"canonical":"https:\/\/khepri-energies.com\/index.php\/privacy-policy\/","og_locale":"en_US","og_type":"article","og_title":"Privacy policy - Khepri Energies","og_description":"Find here our privacy policy and all security measures!","og_url":"https:\/\/khepri-energies.com\/index.php\/privacy-policy\/","og_site_name":"Khepri Energies","article_modified_time":"2023-08-23T18:36:45+00:00","twitter_card":"summary_large_image","twitter_misc":{"Est. reading time":"6 minutes"},"schema":{"@context":"https:\/\/schema.org","@graph":[{"@type":"WebPage","@id":"https:\/\/khepri-energies.com\/index.php\/privacy-policy\/","url":"https:\/\/khepri-energies.com\/index.php\/privacy-policy\/","name":"Privacy policy - Khepri Energies","isPartOf":{"@id":"https:\/\/khepri-energies.com\/#website"},"datePublished":"2022-07-22T09:29:41+00:00","dateModified":"2023-08-23T18:36:45+00:00","description":"Find here our privacy policy and all security measures!","breadcrumb":{"@id":"https:\/\/khepri-energies.com\/index.php\/privacy-policy\/#breadcrumb"},"inLanguage":"en-US","potentialAction":[{"@type":"ReadAction","target":["https:\/\/khepri-energies.com\/index.php\/privacy-policy\/"]}]},{"@type":"BreadcrumbList","@id":"https:\/\/khepri-energies.com\/index.php\/privacy-policy\/#breadcrumb","itemListElement":[{"@type":"ListItem","position":1,"name":"Accueil","item":"https:\/\/khepri-energies.com\/"},{"@type":"ListItem","position":2,"name":"Privacy policy"}]},{"@type":"WebSite","@id":"https:\/\/khepri-energies.com\/#website","url":"https:\/\/khepri-energies.com\/","name":"Khepri Energies","description":"","publisher":{"@id":"https:\/\/khepri-energies.com\/#organization"},"potentialAction":[{"@type":"SearchAction","target":{"@type":"EntryPoint","urlTemplate":"https:\/\/khepri-energies.com\/?s={search_term_string}"},"query-input":"required name=search_term_string"}],"inLanguage":"en-US"},{"@type":"Organization","@id":"https:\/\/khepri-energies.com\/#organization","name":"Khepri Energies","url":"https:\/\/khepri-energies.com\/","logo":{"@type":"ImageObject","inLanguage":"en-US","@id":"https:\/\/khepri-energies.com\/#\/schema\/logo\/image\/","url":"https:\/\/khepri-energies.com\/wp-content\/uploads\/2022\/09\/cropped-Khepri-energies-logo-1.png","contentUrl":"https:\/\/khepri-energies.com\/wp-content\/uploads\/2022\/09\/cropped-Khepri-energies-logo-1.png","width":345,"height":327,"caption":"Khepri Energies"},"image":{"@id":"https:\/\/khepri-energies.com\/#\/schema\/logo\/image\/"}}]}},"_links":{"self":[{"href":"https:\/\/khepri-energies.com\/index.php\/wp-json\/wp\/v2\/pages\/3","targetHints":{"allow":["GET"]}}],"collection":[{"href":"https:\/\/khepri-energies.com\/index.php\/wp-json\/wp\/v2\/pages"}],"about":[{"href":"https:\/\/khepri-energies.com\/index.php\/wp-json\/wp\/v2\/types\/page"}],"author":[{"embeddable":true,"href":"https:\/\/khepri-energies.com\/index.php\/wp-json\/wp\/v2\/users\/5"}],"replies":[{"embeddable":true,"href":"https:\/\/khepri-energies.com\/index.php\/wp-json\/wp\/v2\/comments?post=3"}],"version-history":[{"count":18,"href":"https:\/\/khepri-energies.com\/index.php\/wp-json\/wp\/v2\/pages\/3\/revisions"}],"predecessor-version":[{"id":1579,"href":"https:\/\/khepri-energies.com\/index.php\/wp-json\/wp\/v2\/pages\/3\/revisions\/1579"}],"wp:attachment":[{"href":"https:\/\/khepri-energies.com\/index.php\/wp-json\/wp\/v2\/media?parent=3"}],"curies":[{"name":"wp","href":"https:\/\/api.w.org\/{rel}","templated":true}]}}